{"id":2550,"date":"2023-03-10T20:06:29","date_gmt":"2023-03-10T20:06:29","guid":{"rendered":"https:\/\/www.macawlodge.com\/dining\/"},"modified":"2023-08-24T17:31:23","modified_gmt":"2023-08-24T17:31:23","slug":"gastronomia","status":"publish","type":"page","link":"https:\/\/www.macawlodge.com\/es\/gastronomia\/","title":{"rendered":"Gastronom\u00eda"},"content":{"rendered":"\t\t<div data-elementor-type=\"wp-page\" data-elementor-id=\"2550\" class=\"elementor elementor-2550 elementor-2020\" data-elementor-post-type=\"page\">\n\t\t\t\t\t\t\t\t\t<section class=\"elementor-section elementor-top-section elementor-element elementor-element-fafd6fc elementor-section-boxed elementor-section-height-default elementor-section-height-default\" data-id=\"fafd6fc\" data-element_type=\"section\" data-settings=\"{&quot;background_background&quot;:&quot;slideshow&quot;,&quot;background_slideshow_ken_burns&quot;:&quot;yes&quot;,&quot;background_slideshow_gallery&quot;:[{&quot;id&quot;:2171,&quot;url&quot;:&quot;https:\\\/\\\/www.macawlodge.com\\\/wp-content\\\/uploads\\\/2023\\\/03\\\/dining-header-1.jpg&quot;},{&quot;id&quot;:2173,&quot;url&quot;:&quot;https:\\\/\\\/www.macawlodge.com\\\/wp-content\\\/uploads\\\/2023\\\/03\\\/dining-header-2.jpg&quot;}],&quot;background_slideshow_loop&quot;:&quot;yes&quot;,&quot;background_slideshow_slide_duration&quot;:5000,&quot;background_slideshow_slide_transition&quot;:&quot;fade&quot;,&quot;background_slideshow_transition_duration&quot;:500,&quot;background_slideshow_ken_burns_zoom_direction&quot;:&quot;in&quot;}\">\n\t\t\t\t\t\t\t<div class=\"elementor-background-overlay\"><\/div>\n\t\t\t\t\t\t\t<div class=\"elementor-container elementor-column-gap-default\">\n\t\t\t\t\t<div class=\"elementor-column elementor-col-100 elementor-top-column elementor-element elementor-element-5a7c035\" data-id=\"5a7c035\" data-element_type=\"column\">\n\t\t\t<div class=\"elementor-widget-wrap elementor-element-populated\">\n\t\t\t\t\t\t\t\t<div class=\"elementor-element elementor-element-c60528c elementor-hidden-desktop elementor-hidden-tablet elementor-hidden-mobile elementor-widget elementor-widget-heading\" data-id=\"c60528c\" data-element_type=\"widget\" data-widget_type=\"heading.default\">\n\t\t\t\t<div class=\"elementor-widget-container\">\n\t\t\t<h2 class=\"elementor-heading-title elementor-size-default\">Dining<\/h2>\t\t<\/div>\n\t\t\t\t<\/div>\n\t\t\t\t\t<\/div>\n\t\t<\/div>\n\t\t\t\t\t\t\t<\/div>\n\t\t<\/section>\n\t\t\t\t<section class=\"elementor-section elementor-top-section elementor-element elementor-element-7eb19072 elementor-section-boxed elementor-section-height-default elementor-section-height-default\" data-id=\"7eb19072\" data-element_type=\"section\" data-settings=\"{&quot;background_background&quot;:&quot;classic&quot;}\">\n\t\t\t\t\t\t<div class=\"elementor-container elementor-column-gap-default\">\n\t\t\t\t\t<div class=\"elementor-column elementor-col-100 elementor-top-column elementor-element elementor-element-c7d84a4\" data-id=\"c7d84a4\" data-element_type=\"column\">\n\t\t\t<div class=\"elementor-widget-wrap elementor-element-populated\">\n\t\t\t\t\t\t\t\t<div class=\"elementor-element elementor-element-505417f7 animated-slow elementor-invisible elementor-widget elementor-widget-heading\" data-id=\"505417f7\" data-element_type=\"widget\" data-settings=\"{&quot;_animation&quot;:&quot;fadeInUp&quot;}\" data-widget_type=\"heading.default\">\n\t\t\t\t<div class=\"elementor-widget-container\">\n\t\t\t<h5 class=\"elementor-heading-title elementor-size-default\">Macaw Lodge<\/h5>\t\t<\/div>\n\t\t\t\t<\/div>\n\t\t\t\t<div class=\"elementor-element elementor-element-b069dc1 elementor-widget elementor-widget-heading\" data-id=\"b069dc1\" data-element_type=\"widget\" data-widget_type=\"heading.default\">\n\t\t\t\t<div class=\"elementor-widget-container\">\n\t\t\t<h2 class=\"elementor-heading-title elementor-size-default\">Alimentaci\u00f3n<\/h2>\t\t<\/div>\n\t\t\t\t<\/div>\n\t\t\t\t\t<\/div>\n\t\t<\/div>\n\t\t\t\t\t\t\t<\/div>\n\t\t<\/section>\n\t\t\t\t<section class=\"elementor-section elementor-top-section elementor-element elementor-element-eccba11 elementor-section-boxed elementor-section-height-default elementor-section-height-default\" data-id=\"eccba11\" data-element_type=\"section\" data-settings=\"{&quot;background_background&quot;:&quot;classic&quot;}\">\n\t\t\t\t\t\t<div class=\"elementor-container elementor-column-gap-default\">\n\t\t\t\t\t<div class=\"elementor-column elementor-col-50 elementor-top-column elementor-element elementor-element-14c32a0\" data-id=\"14c32a0\" data-element_type=\"column\">\n\t\t\t<div class=\"elementor-widget-wrap elementor-element-populated\">\n\t\t\t\t\t\t\t\t<section class=\"elementor-section elementor-inner-section elementor-element elementor-element-7cdb17c elementor-section-content-middle elementor-section-boxed elementor-section-height-default elementor-section-height-default\" data-id=\"7cdb17c\" data-element_type=\"section\">\n\t\t\t\t\t\t<div class=\"elementor-container elementor-column-gap-no\">\n\t\t\t\t\t<div class=\"elementor-column elementor-col-100 elementor-inner-column elementor-element elementor-element-e247095\" data-id=\"e247095\" data-element_type=\"column\">\n\t\t\t<div class=\"elementor-widget-wrap elementor-element-populated\">\n\t\t\t\t\t\t\t\t<div class=\"elementor-element elementor-element-3c8b274 elementor-widget elementor-widget-heading\" data-id=\"3c8b274\" data-element_type=\"widget\" data-widget_type=\"heading.default\">\n\t\t\t\t<div class=\"elementor-widget-container\">\n\t\t\t<h2 class=\"elementor-heading-title elementor-size-default\">Gastronom\u00eda<\/h2>\t\t<\/div>\n\t\t\t\t<\/div>\n\t\t\t\t\t<\/div>\n\t\t<\/div>\n\t\t\t\t\t\t\t<\/div>\n\t\t<\/section>\n\t\t\t\t<div class=\"elementor-element elementor-element-c3854ba elementor-widget elementor-widget-text-editor\" data-id=\"c3854ba\" data-element_type=\"widget\" data-widget_type=\"text-editor.default\">\n\t\t\t\t<div class=\"elementor-widget-container\">\n\t\t\t\t\t\t\t<p>Macaw Lodge cuenta con una chef local y su equipo, quienes preparan para usted unos platillos deliciosos, y nutritivos. Nuestra modalidad de alimentaci\u00f3n es una cocina creativa \u201cde la huerta a la mesa\u201d , por lo que incorporamos en los men\u00fas verduras, lechugas, hierbas y frutas de nuestras huertas junto con panes caseros y tortillas, mermeladas, salsas, carnes frescas, huevos, entre otros. Ponemos a su disposici\u00f3n 3 planes de alimentaci\u00f3n: solo desayuno, media pensi\u00f3n que incluye el desayuno y la cena o bien la pensi\u00f3n completa que incluye los 3 tiempos de comida. Tanto el, desayuno como el almuerzo y la cena se sirven directamente en su mesa, en el comedor con vistas a los jardines bot\u00e1nicos. Observe desde el restaurante la vista al lago cuando disfruta el desayuno o el almuerzo, mientras ve las aves posarse en los \u00e1rboles de la propiedad o nadando en el lago. Tanto el almuerzo como la cena incluyen tres platos: la entrada que ser\u00eda ensalada o sopa (var\u00eda a diario, seg\u00fan la elecci\u00f3n del chef), el plato fuerte y el postre. Le ofrecemos caf\u00e9, te, agua y jugos naturales pero tambi\u00e9n ponemos a su disposici\u00f3n cerveza o vino, los cuales puede comprar.<\/p><p>El restaurante tiene capacidad para que 30 personas puedan comer c\u00f3modamente. Uno de los principales atractivos es que las mesas y silla fueron construidas por artesanos locales, lo que respalda el programa de responsabilidad social de dar trabajo a los pobladores de la zona.<\/p><p>Servicio de desayunos, almuerzos y cenas \u00fanicamente bajo reserva previa.<\/p>\t\t\t\t\t\t<\/div>\n\t\t\t\t<\/div>\n\t\t\t\t\t<\/div>\n\t\t<\/div>\n\t\t\t\t<div class=\"elementor-column elementor-col-50 elementor-top-column elementor-element elementor-element-a6690f2\" data-id=\"a6690f2\" data-element_type=\"column\">\n\t\t\t<div class=\"elementor-widget-wrap elementor-element-populated\">\n\t\t\t\t\t\t\t\t<div class=\"elementor-element elementor-element-a50bcaa elementor-arrows-position-inside elementor-pagination-position-outside elementor-widget elementor-widget-image-carousel\" data-id=\"a50bcaa\" data-element_type=\"widget\" data-settings=\"{&quot;slides_to_show&quot;:&quot;1&quot;,&quot;autoplay_speed&quot;:4000,&quot;slides_to_show_tablet&quot;:&quot;2&quot;,&quot;navigation&quot;:&quot;both&quot;,&quot;autoplay&quot;:&quot;yes&quot;,&quot;pause_on_hover&quot;:&quot;yes&quot;,&quot;pause_on_interaction&quot;:&quot;yes&quot;,&quot;infinite&quot;:&quot;yes&quot;,&quot;effect&quot;:&quot;slide&quot;,&quot;speed&quot;:500}\" data-widget_type=\"image-carousel.default\">\n\t\t\t\t<div class=\"elementor-widget-container\">\n\t\t\t\t\t<div class=\"elementor-image-carousel-wrapper swiper-container\" dir=\"ltr\">\n\t\t\t<div class=\"elementor-image-carousel swiper-wrapper\" aria-live=\"off\">\n\t\t\t\t\t\t\t\t<div class=\"swiper-slide\" role=\"group\" aria-roledescription=\"slide\" aria-label=\"1 de 6\"><figure class=\"swiper-slide-inner\"><img decoding=\"async\" class=\"swiper-slide-image\" src=\"https:\/\/www.macawlodge.com\/wp-content\/uploads\/2023\/04\/gastronomy-1.jpg\" alt=\"gastronomy-1\" \/><\/figure><\/div><div class=\"swiper-slide\" role=\"group\" aria-roledescription=\"slide\" aria-label=\"2 de 6\"><figure class=\"swiper-slide-inner\"><img decoding=\"async\" class=\"swiper-slide-image\" src=\"https:\/\/www.macawlodge.com\/wp-content\/uploads\/2023\/04\/gastronomy-2.jpg\" alt=\"gastronomy-2\" \/><\/figure><\/div><div class=\"swiper-slide\" role=\"group\" aria-roledescription=\"slide\" aria-label=\"3 de 6\"><figure class=\"swiper-slide-inner\"><img decoding=\"async\" class=\"swiper-slide-image\" src=\"https:\/\/www.macawlodge.com\/wp-content\/uploads\/2023\/04\/gastronomy-3.jpg\" alt=\"gastronomy-3\" \/><\/figure><\/div><div class=\"swiper-slide\" role=\"group\" aria-roledescription=\"slide\" aria-label=\"4 de 6\"><figure class=\"swiper-slide-inner\"><img decoding=\"async\" class=\"swiper-slide-image\" src=\"https:\/\/www.macawlodge.com\/wp-content\/uploads\/2023\/04\/gastronomy-4.jpg\" alt=\"gastronomy-4\" \/><\/figure><\/div><div class=\"swiper-slide\" role=\"group\" aria-roledescription=\"slide\" aria-label=\"5 de 6\"><figure class=\"swiper-slide-inner\"><img decoding=\"async\" class=\"swiper-slide-image\" src=\"https:\/\/www.macawlodge.com\/wp-content\/uploads\/2023\/04\/gastronomy-5.jpg\" alt=\"gastronomy-5\" \/><\/figure><\/div><div class=\"swiper-slide\" role=\"group\" aria-roledescription=\"slide\" aria-label=\"6 de 6\"><figure class=\"swiper-slide-inner\"><img decoding=\"async\" class=\"swiper-slide-image\" src=\"https:\/\/www.macawlodge.com\/wp-content\/uploads\/2023\/03\/dining-section-1.jpg\" alt=\"dining-section-1\" \/><\/figure><\/div>\t\t\t<\/div>\n\t\t\t\t\t\t\t\t\t\t\t\t<div class=\"elementor-swiper-button elementor-swiper-button-prev\" role=\"button\" tabindex=\"0\">\n\t\t\t\t\t\t<i aria-hidden=\"true\" class=\"eicon-chevron-left\"><\/i>\t\t\t\t\t<\/div>\n\t\t\t\t\t<div class=\"elementor-swiper-button elementor-swiper-button-next\" role=\"button\" tabindex=\"0\">\n\t\t\t\t\t\t<i aria-hidden=\"true\" class=\"eicon-chevron-right\"><\/i>\t\t\t\t\t<\/div>\n\t\t\t\t\n\t\t\t\t\t\t\t\t\t<div class=\"swiper-pagination\"><\/div>\n\t\t\t\t\t\t\t\t\t<\/div>\n\t\t\t\t<\/div>\n\t\t\t\t<\/div>\n\t\t\t\t\t<\/div>\n\t\t<\/div>\n\t\t\t\t\t\t\t<\/div>\n\t\t<\/section>\n\t\t\t\t\t\t\t<\/div>\n\t\t","protected":false},"excerpt":{"rendered":"<p>Dining Macaw Lodge Alimentaci\u00f3n Gastronom\u00eda Macaw Lodge cuenta con una chef local y su equipo, quienes preparan para usted unos platillos deliciosos, y nutritivos. Nuestra modalidad de alimentaci\u00f3n es una cocina creativa \u201cde la huerta a la mesa\u201d , por lo que incorporamos en los men\u00fas verduras, lechugas, hierbas y frutas de nuestras huertas junto [&hellip;]<\/p>\n","protected":false},"author":1,"featured_media":0,"parent":0,"menu_order":0,"comment_status":"closed","ping_status":"closed","template":"elementor_header_footer","meta":{"_acf_changed":false,"inline_featured_image":false,"footnotes":""},"acf":[],"_links":{"self":[{"href":"https:\/\/www.macawlodge.com\/es\/wp-json\/wp\/v2\/pages\/2550"}],"collection":[{"href":"https:\/\/www.macawlodge.com\/es\/wp-json\/wp\/v2\/pages"}],"about":[{"href":"https:\/\/www.macawlodge.com\/es\/wp-json\/wp\/v2\/types\/page"}],"author":[{"embeddable":true,"href":"https:\/\/www.macawlodge.com\/es\/wp-json\/wp\/v2\/users\/1"}],"replies":[{"embeddable":true,"href":"https:\/\/www.macawlodge.com\/es\/wp-json\/wp\/v2\/comments?post=2550"}],"version-history":[{"count":29,"href":"https:\/\/www.macawlodge.com\/es\/wp-json\/wp\/v2\/pages\/2550\/revisions"}],"predecessor-version":[{"id":4080,"href":"https:\/\/www.macawlodge.com\/es\/wp-json\/wp\/v2\/pages\/2550\/revisions\/4080"}],"wp:attachment":[{"href":"https:\/\/www.macawlodge.com\/es\/wp-json\/wp\/v2\/media?parent=2550"}],"curies":[{"name":"wp","href":"https:\/\/api.w.org\/{rel}","templated":true}]}}