{"id":2555,"date":"2023-03-09T18:44:51","date_gmt":"2023-03-09T18:44:51","guid":{"rendered":"https:\/\/www.macawlodge.com\/our-story\/"},"modified":"2023-05-19T22:24:28","modified_gmt":"2023-05-19T22:24:28","slug":"historia","status":"publish","type":"page","link":"https:\/\/www.macawlodge.com\/es\/historia\/","title":{"rendered":"Historia"},"content":{"rendered":"\t\t<div data-elementor-type=\"wp-page\" data-elementor-id=\"2555\" class=\"elementor elementor-2555 elementor-1971\" data-elementor-post-type=\"page\">\n\t\t\t\t\t\t\t\t\t<section class=\"elementor-section elementor-top-section elementor-element elementor-element-8ca78ab elementor-section-boxed elementor-section-height-default elementor-section-height-default\" data-id=\"8ca78ab\" data-element_type=\"section\" data-settings=\"{&quot;background_background&quot;:&quot;slideshow&quot;,&quot;background_slideshow_ken_burns&quot;:&quot;yes&quot;,&quot;background_slideshow_gallery&quot;:[{&quot;id&quot;:2155,&quot;url&quot;:&quot;https:\\\/\\\/www.macawlodge.com\\\/wp-content\\\/uploads\\\/2023\\\/03\\\/our-story-header-1.jpg&quot;},{&quot;id&quot;:2157,&quot;url&quot;:&quot;https:\\\/\\\/www.macawlodge.com\\\/wp-content\\\/uploads\\\/2023\\\/03\\\/our-story-header-2.jpg&quot;}],&quot;background_slideshow_loop&quot;:&quot;yes&quot;,&quot;background_slideshow_slide_duration&quot;:5000,&quot;background_slideshow_slide_transition&quot;:&quot;fade&quot;,&quot;background_slideshow_transition_duration&quot;:500,&quot;background_slideshow_ken_burns_zoom_direction&quot;:&quot;in&quot;}\">\n\t\t\t\t\t\t\t<div class=\"elementor-background-overlay\"><\/div>\n\t\t\t\t\t\t\t<div class=\"elementor-container elementor-column-gap-default\">\n\t\t\t\t\t<div class=\"elementor-column elementor-col-100 elementor-top-column elementor-element elementor-element-76473f64\" data-id=\"76473f64\" data-element_type=\"column\">\n\t\t\t<div class=\"elementor-widget-wrap elementor-element-populated\">\n\t\t\t\t\t\t\t\t<div class=\"elementor-element elementor-element-3f1d0c2b elementor-hidden-desktop elementor-hidden-tablet elementor-hidden-mobile elementor-widget elementor-widget-heading\" data-id=\"3f1d0c2b\" data-element_type=\"widget\" data-widget_type=\"heading.default\">\n\t\t\t\t<div class=\"elementor-widget-container\">\n\t\t\t<h2 class=\"elementor-heading-title elementor-size-default\">Our Story<\/h2>\t\t<\/div>\n\t\t\t\t<\/div>\n\t\t\t\t\t<\/div>\n\t\t<\/div>\n\t\t\t\t\t\t\t<\/div>\n\t\t<\/section>\n\t\t\t\t<section class=\"elementor-section elementor-top-section elementor-element elementor-element-b42192a elementor-section-boxed elementor-section-height-default elementor-section-height-default\" data-id=\"b42192a\" data-element_type=\"section\" data-settings=\"{&quot;background_background&quot;:&quot;classic&quot;}\">\n\t\t\t\t\t\t<div class=\"elementor-container elementor-column-gap-default\">\n\t\t\t\t\t<div class=\"elementor-column elementor-col-100 elementor-top-column elementor-element elementor-element-0b5cf56\" data-id=\"0b5cf56\" data-element_type=\"column\">\n\t\t\t<div class=\"elementor-widget-wrap elementor-element-populated\">\n\t\t\t\t\t\t\t\t<div class=\"elementor-element elementor-element-6e1c4da animated-slow elementor-invisible elementor-widget elementor-widget-heading\" data-id=\"6e1c4da\" data-element_type=\"widget\" data-settings=\"{&quot;_animation&quot;:&quot;fadeInUp&quot;}\" data-widget_type=\"heading.default\">\n\t\t\t\t<div class=\"elementor-widget-container\">\n\t\t\t<h5 class=\"elementor-heading-title elementor-size-default\">Macaw Lodge<\/h5>\t\t<\/div>\n\t\t\t\t<\/div>\n\t\t\t\t<div class=\"elementor-element elementor-element-333954a elementor-widget elementor-widget-heading\" data-id=\"333954a\" data-element_type=\"widget\" data-widget_type=\"heading.default\">\n\t\t\t\t<div class=\"elementor-widget-container\">\n\t\t\t<h2 class=\"elementor-heading-title elementor-size-default\">Historia<\/h2>\t\t<\/div>\n\t\t\t\t<\/div>\n\t\t\t\t<div class=\"elementor-element elementor-element-50e8d21 elementor-widget elementor-widget-text-editor\" data-id=\"50e8d21\" data-element_type=\"widget\" data-widget_type=\"text-editor.default\">\n\t\t\t\t<div class=\"elementor-widget-container\">\n\t\t\t\t\t\t\tMacaw Lodge abri\u00f3 sus puertas en 2011 y es la culminaci\u00f3n de una visi\u00f3n desde hace tiempo de la familia Gordienko, quienes en la d\u00e9cada de 1980, tuvieron el honor de comprar y convertirse en gestores de Santuario de Macao Limitada, la finca que hoy es el hogar de Macaw Lodge y de La Reserva Forestal Privada de Macaw Lodge. Macaw Lodge es parte de un Programa de Inversi\u00f3n Forestal patrocinado por el gobierno y dise\u00f1ado para revertir el da\u00f1o causado por el sobre plantaci\u00f3n de los cultivos agr\u00edcolas mon\u00f3tonos. En las \u00faltimas dos d\u00e9cadas, el Lodge ha desarrollado un modelo de sostenibilidad, restaurando la salud de los bosques y fomentando un regreso de muchas especies de animales, plantas, insectos y aves, incluyendo la lapa roja.\t\t\t\t\t\t<\/div>\n\t\t\t\t<\/div>\n\t\t\t\t\t<\/div>\n\t\t<\/div>\n\t\t\t\t\t\t\t<\/div>\n\t\t<\/section>\n\t\t\t\t<section class=\"elementor-section elementor-top-section elementor-element elementor-element-37ceb9a elementor-section-boxed elementor-section-height-default elementor-section-height-default\" data-id=\"37ceb9a\" data-element_type=\"section\" data-settings=\"{&quot;background_background&quot;:&quot;classic&quot;}\">\n\t\t\t\t\t\t<div class=\"elementor-container elementor-column-gap-default\">\n\t\t\t\t\t<div class=\"elementor-column elementor-col-100 elementor-top-column elementor-element elementor-element-2eeefc3\" data-id=\"2eeefc3\" data-element_type=\"column\">\n\t\t\t<div class=\"elementor-widget-wrap elementor-element-populated\">\n\t\t\t\t\t\t\t\t<div class=\"elementor-element elementor-element-36f7965 elementor-widget elementor-widget-wb-before-after-image-slider-elementor\" data-id=\"36f7965\" data-element_type=\"widget\" data-widget_type=\"wb-before-after-image-slider-elementor.default\">\n\t\t\t\t<div class=\"elementor-widget-container\">\n\t\t\t\t\t<div class=\"wb_ebais_twentytwenty_container twentytwenty-container\" id=\"wb_before_after_36f7965\">\r\n\t\t\t<span class='before_text'>Before<\/span>\r\n\t\t\t<span class='after_text'>After<\/span>\r\n<img fetchpriority=\"high\" decoding=\"async\" width=\"1920\" height=\"1080\" src=\"https:\/\/www.macawlodge.com\/wp-content\/uploads\/2023\/04\/antes.jpg\" class=\"attachment-full size-full wp-image-3003\" alt=\"\" srcset=\"https:\/\/www.macawlodge.com\/wp-content\/uploads\/2023\/04\/antes.jpg 1920w, https:\/\/www.macawlodge.com\/wp-content\/uploads\/2023\/04\/antes-300x169.jpg 300w, https:\/\/www.macawlodge.com\/wp-content\/uploads\/2023\/04\/antes-1024x576.jpg 1024w, https:\/\/www.macawlodge.com\/wp-content\/uploads\/2023\/04\/antes-768x432.jpg 768w, https:\/\/www.macawlodge.com\/wp-content\/uploads\/2023\/04\/antes-1536x864.jpg 1536w\" sizes=\"(max-width: 1920px) 100vw, 1920px\" \/><img decoding=\"async\" width=\"1920\" height=\"1080\" src=\"https:\/\/www.macawlodge.com\/wp-content\/uploads\/2023\/04\/despues.jpg\" class=\"attachment-full size-full wp-image-3005\" alt=\"\" srcset=\"https:\/\/www.macawlodge.com\/wp-content\/uploads\/2023\/04\/despues.jpg 1920w, https:\/\/www.macawlodge.com\/wp-content\/uploads\/2023\/04\/despues-300x169.jpg 300w, https:\/\/www.macawlodge.com\/wp-content\/uploads\/2023\/04\/despues-1024x576.jpg 1024w, https:\/\/www.macawlodge.com\/wp-content\/uploads\/2023\/04\/despues-768x432.jpg 768w, https:\/\/www.macawlodge.com\/wp-content\/uploads\/2023\/04\/despues-1536x864.jpg 1536w\" sizes=\"(max-width: 1920px) 100vw, 1920px\" \/>\t\t<\/div>\r\n\t\t<style>\r\n\t\t\t#wb_before_after_36f7965{\r\n\t\t\t\tmax-width: auto;\r\n\t\t\t}\r\n\t\t<\/style>\r\n\t\t<\/div>\n\t\t\t\t<\/div>\n\t\t\t\t\t<\/div>\n\t\t<\/div>\n\t\t\t\t\t\t\t<\/div>\n\t\t<\/section>\n\t\t\t\t<section class=\"elementor-section elementor-top-section elementor-element elementor-element-7bad89ca elementor-section-boxed elementor-section-height-default elementor-section-height-default\" data-id=\"7bad89ca\" data-element_type=\"section\">\n\t\t\t\t\t\t<div class=\"elementor-container elementor-column-gap-default\">\n\t\t\t\t\t<div class=\"elementor-column elementor-col-50 elementor-top-column elementor-element elementor-element-226157df\" data-id=\"226157df\" data-element_type=\"column\">\n\t\t\t<div class=\"elementor-widget-wrap elementor-element-populated\">\n\t\t\t\t\t\t\t\t<div class=\"elementor-element elementor-element-3f83ff1f elementor-widget elementor-widget-heading\" data-id=\"3f83ff1f\" data-element_type=\"widget\" data-widget_type=\"heading.default\">\n\t\t\t\t<div class=\"elementor-widget-container\">\n\t\t\t<h2 class=\"elementor-heading-title elementor-size-default\">La Gente<\/h2>\t\t<\/div>\n\t\t\t\t<\/div>\n\t\t\t\t<div class=\"elementor-element elementor-element-30b7d81d elementor-widget elementor-widget-text-editor\" data-id=\"30b7d81d\" data-element_type=\"widget\" data-widget_type=\"text-editor.default\">\n\t\t\t\t<div class=\"elementor-widget-container\">\n\t\t\t\t\t\t\t<p>Macaw Lodge es un centro para el turismo ecol\u00f3gico, la investigaci\u00f3n y la conservaci\u00f3n, que constantemente trabaja, crece y evoluciona, donde cient\u00edficos y profesores de muchos pa\u00edses vienen a aprender de las pr\u00e1cticas sostenibles y ponerlas en acci\u00f3n en sus propias comunidades.<\/p><p>De igual manera, turistas de alrededor del mundo vienen a Macaw Lodge a descubrir sus maravillas naturales. Se invita a todos nuestros visitantes a involucrarse en nutrir y proteger este incre\u00edble planeta y su peque\u00f1o rinc\u00f3n del mundo. La gente viene por diferentes razones, pero al parecer todos se van con un sentido m\u00e1s profundo de alegr\u00eda, inspiraci\u00f3n fresca, una renovada pasi\u00f3n por la naturaleza y un fuerte deseo de regresar.<\/p>\t\t\t\t\t\t<\/div>\n\t\t\t\t<\/div>\n\t\t\t\t\t<\/div>\n\t\t<\/div>\n\t\t\t\t<div class=\"elementor-column elementor-col-50 elementor-top-column elementor-element elementor-element-3b917240\" data-id=\"3b917240\" data-element_type=\"column\">\n\t\t\t<div class=\"elementor-widget-wrap elementor-element-populated\">\n\t\t\t\t\t\t\t\t<div class=\"elementor-element elementor-element-7c741a11 elementor-widget elementor-widget-image\" data-id=\"7c741a11\" data-element_type=\"widget\" data-widget_type=\"image.default\">\n\t\t\t\t<div class=\"elementor-widget-container\">\n\t\t\t\t\t\t\t\t\t\t\t\t\t\t\t<img decoding=\"async\" width=\"700\" height=\"800\" src=\"https:\/\/www.macawlodge.com\/wp-content\/uploads\/2023\/03\/the-people.jpg\" class=\"attachment-full size-full wp-image-2209\" alt=\"\" srcset=\"https:\/\/www.macawlodge.com\/wp-content\/uploads\/2023\/03\/the-people.jpg 700w, https:\/\/www.macawlodge.com\/wp-content\/uploads\/2023\/03\/the-people-263x300.jpg 263w\" sizes=\"(max-width: 700px) 100vw, 700px\" \/>\t\t\t\t\t\t\t\t\t\t\t\t\t\t\t<\/div>\n\t\t\t\t<\/div>\n\t\t\t\t\t<\/div>\n\t\t<\/div>\n\t\t\t\t\t\t\t<\/div>\n\t\t<\/section>\n\t\t\t\t<section class=\"elementor-section elementor-top-section elementor-element elementor-element-bbf51db elementor-section-boxed elementor-section-height-default elementor-section-height-default\" data-id=\"bbf51db\" data-element_type=\"section\">\n\t\t\t\t\t\t<div class=\"elementor-container elementor-column-gap-default\">\n\t\t\t\t\t<div class=\"elementor-column elementor-col-50 elementor-top-column elementor-element elementor-element-5d44ae7\" data-id=\"5d44ae7\" data-element_type=\"column\">\n\t\t\t<div class=\"elementor-widget-wrap elementor-element-populated\">\n\t\t\t\t\t\t\t\t<div class=\"elementor-element elementor-element-e0cad02 elementor-widget elementor-widget-image\" data-id=\"e0cad02\" data-element_type=\"widget\" data-widget_type=\"image.default\">\n\t\t\t\t<div class=\"elementor-widget-container\">\n\t\t\t\t\t\t\t\t\t\t\t\t\t\t\t<img loading=\"lazy\" decoding=\"async\" width=\"800\" height=\"700\" src=\"https:\/\/www.macawlodge.com\/wp-content\/uploads\/2023\/03\/the-community.jpg\" class=\"attachment-full size-full wp-image-2212\" alt=\"\" srcset=\"https:\/\/www.macawlodge.com\/wp-content\/uploads\/2023\/03\/the-community.jpg 800w, https:\/\/www.macawlodge.com\/wp-content\/uploads\/2023\/03\/the-community-300x263.jpg 300w, https:\/\/www.macawlodge.com\/wp-content\/uploads\/2023\/03\/the-community-768x672.jpg 768w\" sizes=\"(max-width: 800px) 100vw, 800px\" \/>\t\t\t\t\t\t\t\t\t\t\t\t\t\t\t<\/div>\n\t\t\t\t<\/div>\n\t\t\t\t\t<\/div>\n\t\t<\/div>\n\t\t\t\t<div class=\"elementor-column elementor-col-50 elementor-top-column elementor-element elementor-element-ea2fc8a\" data-id=\"ea2fc8a\" data-element_type=\"column\">\n\t\t\t<div class=\"elementor-widget-wrap elementor-element-populated\">\n\t\t\t\t\t\t\t\t<div class=\"elementor-element elementor-element-a124588 elementor-widget elementor-widget-heading\" data-id=\"a124588\" data-element_type=\"widget\" data-widget_type=\"heading.default\">\n\t\t\t\t<div class=\"elementor-widget-container\">\n\t\t\t<h2 class=\"elementor-heading-title elementor-size-default\">La Comunidad<\/h2>\t\t<\/div>\n\t\t\t\t<\/div>\n\t\t\t\t<div class=\"elementor-element elementor-element-1d2e69c elementor-widget elementor-widget-text-editor\" data-id=\"1d2e69c\" data-element_type=\"widget\" data-widget_type=\"text-editor.default\">\n\t\t\t\t<div class=\"elementor-widget-container\">\n\t\t\t\t\t\t\t<p>Macaw Lodge se enorgullece de que este proyecto ha servido para brindar apoyo a la econom\u00eda local, de la zona de las Delicias de Turrubares a trav\u00e9s del ecoturismo, ya que artesanos, constructores y trabajadores de la zona colaboraron en la construcci\u00f3n de las instalaciones del Lodge y los sistemas de energ\u00eda solar, as\u00ed como tambi\u00e9n agricultores locales ayudaron a restaurar la tierra y la biodiversidad.<\/p><p>Adem\u00e1s, Macaw Lodge colabora con la econom\u00eda local, ya que los alimentos que no se producen en la finca se le compran a los productores locales.<\/p><p>Otro proyecto muy interesante de apoyo a la comunidad es el recibir cada a\u00f1o a ni\u00f1os de la escuela local, para que participen en la siembra de un \u00e1rbol y adem\u00e1s se les imparten charlas sobre la conservaci\u00f3n de la naturaleza, para encender en ellos la pasi\u00f3n, dejarles el legado y que en el futuro contin\u00faen con la labor.<\/p>\t\t\t\t\t\t<\/div>\n\t\t\t\t<\/div>\n\t\t\t\t\t<\/div>\n\t\t<\/div>\n\t\t\t\t\t\t\t<\/div>\n\t\t<\/section>\n\t\t\t\t<section class=\"elementor-section elementor-top-section elementor-element elementor-element-0a1c107 elementor-section-boxed elementor-section-height-default elementor-section-height-default\" data-id=\"0a1c107\" data-element_type=\"section\">\n\t\t\t\t\t\t<div class=\"elementor-container elementor-column-gap-default\">\n\t\t\t\t\t<div class=\"elementor-column elementor-col-50 elementor-top-column elementor-element elementor-element-04e6ace\" data-id=\"04e6ace\" data-element_type=\"column\">\n\t\t\t<div class=\"elementor-widget-wrap elementor-element-populated\">\n\t\t\t\t\t\t\t\t<div class=\"elementor-element elementor-element-219fa25 elementor-widget elementor-widget-heading\" data-id=\"219fa25\" data-element_type=\"widget\" data-widget_type=\"heading.default\">\n\t\t\t\t<div class=\"elementor-widget-container\">\n\t\t\t<h2 class=\"elementor-heading-title elementor-size-default\">Talento Humano<\/h2>\t\t<\/div>\n\t\t\t\t<\/div>\n\t\t\t\t<div class=\"elementor-element elementor-element-d35677e elementor-widget elementor-widget-text-editor\" data-id=\"d35677e\" data-element_type=\"widget\" data-widget_type=\"text-editor.default\">\n\t\t\t\t<div class=\"elementor-widget-container\">\n\t\t\t\t\t\t\tTodo el equipo que labora en el Lodge es originario de la zona donde se ubica el Hotel. Ellos se encargan de crear para usted una fant\u00e1stica y \u00fanica experiencia,  aut\u00e9nticas comidas y le brindaran una excelente atenci\u00f3n personalizada, dejando una huella personal en cada uno de nuestros hu\u00e9spedes.  Esta es nuestra familia!\t\t\t\t\t\t<\/div>\n\t\t\t\t<\/div>\n\t\t\t\t\t<\/div>\n\t\t<\/div>\n\t\t\t\t<div class=\"elementor-column elementor-col-50 elementor-top-column elementor-element elementor-element-8417a8e\" data-id=\"8417a8e\" data-element_type=\"column\">\n\t\t\t<div class=\"elementor-widget-wrap elementor-element-populated\">\n\t\t\t\t\t\t\t\t<div class=\"elementor-element elementor-element-6ec70e7 elementor-widget elementor-widget-image\" data-id=\"6ec70e7\" data-element_type=\"widget\" data-widget_type=\"image.default\">\n\t\t\t\t<div class=\"elementor-widget-container\">\n\t\t\t\t\t\t\t\t\t\t\t\t\t\t\t<img loading=\"lazy\" decoding=\"async\" width=\"960\" height=\"540\" src=\"https:\/\/www.macawlodge.com\/wp-content\/uploads\/2023\/03\/Human-Talent-1.jpg\" class=\"attachment-full size-full wp-image-2214\" alt=\"\" srcset=\"https:\/\/www.macawlodge.com\/wp-content\/uploads\/2023\/03\/Human-Talent-1.jpg 960w, https:\/\/www.macawlodge.com\/wp-content\/uploads\/2023\/03\/Human-Talent-1-300x169.jpg 300w, https:\/\/www.macawlodge.com\/wp-content\/uploads\/2023\/03\/Human-Talent-1-768x432.jpg 768w\" sizes=\"(max-width: 960px) 100vw, 960px\" \/>\t\t\t\t\t\t\t\t\t\t\t\t\t\t\t<\/div>\n\t\t\t\t<\/div>\n\t\t\t\t\t<\/div>\n\t\t<\/div>\n\t\t\t\t\t\t\t<\/div>\n\t\t<\/section>\n\t\t\t\t<section class=\"elementor-section elementor-top-section elementor-element elementor-element-e814622 elementor-section-boxed elementor-section-height-default elementor-section-height-default\" data-id=\"e814622\" data-element_type=\"section\">\n\t\t\t\t\t\t<div class=\"elementor-container elementor-column-gap-default\">\n\t\t\t\t\t<div class=\"elementor-column elementor-col-50 elementor-top-column elementor-element elementor-element-e147837\" data-id=\"e147837\" data-element_type=\"column\">\n\t\t\t<div class=\"elementor-widget-wrap elementor-element-populated\">\n\t\t\t\t\t\t\t\t<div class=\"elementor-element elementor-element-8b4d71a elementor-arrows-position-inside elementor-pagination-position-outside elementor-widget elementor-widget-image-carousel\" data-id=\"8b4d71a\" data-element_type=\"widget\" data-settings=\"{&quot;slides_to_show&quot;:&quot;1&quot;,&quot;navigation&quot;:&quot;both&quot;,&quot;autoplay&quot;:&quot;yes&quot;,&quot;pause_on_hover&quot;:&quot;yes&quot;,&quot;pause_on_interaction&quot;:&quot;yes&quot;,&quot;autoplay_speed&quot;:5000,&quot;infinite&quot;:&quot;yes&quot;,&quot;effect&quot;:&quot;slide&quot;,&quot;speed&quot;:500}\" data-widget_type=\"image-carousel.default\">\n\t\t\t\t<div class=\"elementor-widget-container\">\n\t\t\t\t\t<div class=\"elementor-image-carousel-wrapper swiper-container\" dir=\"ltr\">\n\t\t\t<div class=\"elementor-image-carousel swiper-wrapper\" aria-live=\"off\">\n\t\t\t\t\t\t\t\t<div class=\"swiper-slide\" role=\"group\" aria-roledescription=\"slide\" aria-label=\"1 de 3\"><figure class=\"swiper-slide-inner\"><img decoding=\"async\" class=\"swiper-slide-image\" src=\"https:\/\/www.macawlodge.com\/wp-content\/uploads\/2023\/03\/the-lodge-1.jpg\" alt=\"the-lodge-1\" \/><\/figure><\/div><div class=\"swiper-slide\" role=\"group\" aria-roledescription=\"slide\" aria-label=\"2 de 3\"><figure class=\"swiper-slide-inner\"><img decoding=\"async\" class=\"swiper-slide-image\" src=\"https:\/\/www.macawlodge.com\/wp-content\/uploads\/2023\/03\/the-lodge-2.jpg\" alt=\"the-lodge-2\" \/><\/figure><\/div><div class=\"swiper-slide\" role=\"group\" aria-roledescription=\"slide\" aria-label=\"3 de 3\"><figure class=\"swiper-slide-inner\"><img decoding=\"async\" class=\"swiper-slide-image\" src=\"https:\/\/www.macawlodge.com\/wp-content\/uploads\/2023\/03\/the-lodge-3.jpg\" alt=\"the-lodge-3\" \/><\/figure><\/div>\t\t\t<\/div>\n\t\t\t\t\t\t\t\t\t\t\t\t<div class=\"elementor-swiper-button elementor-swiper-button-prev\" role=\"button\" tabindex=\"0\">\n\t\t\t\t\t\t<i aria-hidden=\"true\" class=\"eicon-chevron-left\"><\/i>\t\t\t\t\t<\/div>\n\t\t\t\t\t<div class=\"elementor-swiper-button elementor-swiper-button-next\" role=\"button\" tabindex=\"0\">\n\t\t\t\t\t\t<i aria-hidden=\"true\" class=\"eicon-chevron-right\"><\/i>\t\t\t\t\t<\/div>\n\t\t\t\t\n\t\t\t\t\t\t\t\t\t<div class=\"swiper-pagination\"><\/div>\n\t\t\t\t\t\t\t\t\t<\/div>\n\t\t\t\t<\/div>\n\t\t\t\t<\/div>\n\t\t\t\t\t<\/div>\n\t\t<\/div>\n\t\t\t\t<div class=\"elementor-column elementor-col-50 elementor-top-column elementor-element elementor-element-1fdb47f\" data-id=\"1fdb47f\" data-element_type=\"column\">\n\t\t\t<div class=\"elementor-widget-wrap elementor-element-populated\">\n\t\t\t\t\t\t\t\t<div class=\"elementor-element elementor-element-0884ba2 elementor-widget elementor-widget-heading\" data-id=\"0884ba2\" data-element_type=\"widget\" data-widget_type=\"heading.default\">\n\t\t\t\t<div class=\"elementor-widget-container\">\n\t\t\t<h2 class=\"elementor-heading-title elementor-size-default\">El Lodge<\/h2>\t\t<\/div>\n\t\t\t\t<\/div>\n\t\t\t\t<div class=\"elementor-element elementor-element-4d6878b elementor-widget elementor-widget-text-editor\" data-id=\"4d6878b\" data-element_type=\"widget\" data-widget_type=\"text-editor.default\">\n\t\t\t\t<div class=\"elementor-widget-container\">\n\t\t\t\t\t\t\t<p>Tanto las habitaciones como las caba\u00f1as y otras \u00e1reas del hotel est\u00e1n hechos de materiales recuperados de forma sostenible en nuestro oasis de 264 acres y comunidades circundantes. Con una capacidad para alojar hasta 30 personas, nuestro compromiso es brindarle una experiencia altamente personalizada. Nuestro eco-resort est\u00e1 completamente fuera de la red de energ\u00eda, se utiliza energ\u00eda solar para generar electricidad y agua caliente. Macaw Lodge fue creado como un modelo de sostenibilidad donde los amantes de la naturaleza pueden experimentar comodidad y armon\u00eda con el medio ambiente.<\/p><p>La espaciosa planta baja del Hotel, es un \u00e1rea abierta donde se encuentra el restaurante, la zona de descanso y lectura y los ba\u00f1os. Ofrece vistas impresionantes de los estanques circundantes, jardines, bosques y vida silvestre. Cuenta con servicio de internet.<\/p>\t\t\t\t\t\t<\/div>\n\t\t\t\t<\/div>\n\t\t\t\t\t<\/div>\n\t\t<\/div>\n\t\t\t\t\t\t\t<\/div>\n\t\t<\/section>\n\t\t\t\t\t\t\t<\/div>\n\t\t","protected":false},"excerpt":{"rendered":"<p>Our Story Macaw Lodge Historia Macaw Lodge abri\u00f3 sus puertas en 2011 y es la culminaci\u00f3n de una visi\u00f3n desde hace tiempo de la familia Gordienko, quienes en la d\u00e9cada de 1980, tuvieron el honor de comprar y convertirse en gestores de Santuario de Macao Limitada, la finca que hoy es el hogar de Macaw [&hellip;]<\/p>\n","protected":false},"author":1,"featured_media":0,"parent":0,"menu_order":0,"comment_status":"closed","ping_status":"closed","template":"elementor_header_footer","meta":{"_acf_changed":false,"inline_featured_image":false,"footnotes":""},"acf":[],"_links":{"self":[{"href":"https:\/\/www.macawlodge.com\/es\/wp-json\/wp\/v2\/pages\/2555"}],"collection":[{"href":"https:\/\/www.macawlodge.com\/es\/wp-json\/wp\/v2\/pages"}],"about":[{"href":"https:\/\/www.macawlodge.com\/es\/wp-json\/wp\/v2\/types\/page"}],"author":[{"embeddable":true,"href":"https:\/\/www.macawlodge.com\/es\/wp-json\/wp\/v2\/users\/1"}],"replies":[{"embeddable":true,"href":"https:\/\/www.macawlodge.com\/es\/wp-json\/wp\/v2\/comments?post=2555"}],"version-history":[{"count":17,"href":"https:\/\/www.macawlodge.com\/es\/wp-json\/wp\/v2\/pages\/2555\/revisions"}],"predecessor-version":[{"id":3361,"href":"https:\/\/www.macawlodge.com\/es\/wp-json\/wp\/v2\/pages\/2555\/revisions\/3361"}],"wp:attachment":[{"href":"https:\/\/www.macawlodge.com\/es\/wp-json\/wp\/v2\/media?parent=2555"}],"curies":[{"name":"wp","href":"https:\/\/api.w.org\/{rel}","templated":true}]}}