{"id":2842,"date":"2023-04-20T20:36:38","date_gmt":"2023-04-20T20:36:38","guid":{"rendered":"https:\/\/www.macawlodge.com\/reservation-policies\/"},"modified":"2026-02-12T20:52:26","modified_gmt":"2026-02-12T20:52:26","slug":"politicas-de-reservacion","status":"publish","type":"page","link":"https:\/\/www.macawlodge.com\/es\/politicas-de-reservacion\/","title":{"rendered":"Pol\u00edticas de Reservaci\u00f3n"},"content":{"rendered":"\t\t<div data-elementor-type=\"wp-page\" data-elementor-id=\"2842\" class=\"elementor elementor-2842 elementor-2827\" data-elementor-post-type=\"page\">\n\t\t\t\t\t\t\t\t\t<section class=\"elementor-section elementor-top-section elementor-element elementor-element-fafd6fc elementor-section-boxed elementor-section-height-default elementor-section-height-default\" data-id=\"fafd6fc\" data-element_type=\"section\" data-settings=\"{&quot;background_background&quot;:&quot;slideshow&quot;,&quot;background_slideshow_ken_burns&quot;:&quot;yes&quot;,&quot;background_slideshow_gallery&quot;:[{&quot;id&quot;:2171,&quot;url&quot;:&quot;https:\\\/\\\/www.macawlodge.com\\\/wp-content\\\/uploads\\\/2023\\\/03\\\/dining-header-1.jpg&quot;},{&quot;id&quot;:2173,&quot;url&quot;:&quot;https:\\\/\\\/www.macawlodge.com\\\/wp-content\\\/uploads\\\/2023\\\/03\\\/dining-header-2.jpg&quot;}],&quot;background_slideshow_loop&quot;:&quot;yes&quot;,&quot;background_slideshow_slide_duration&quot;:5000,&quot;background_slideshow_slide_transition&quot;:&quot;fade&quot;,&quot;background_slideshow_transition_duration&quot;:500,&quot;background_slideshow_ken_burns_zoom_direction&quot;:&quot;in&quot;}\">\n\t\t\t\t\t\t\t<div class=\"elementor-background-overlay\"><\/div>\n\t\t\t\t\t\t\t<div class=\"elementor-container elementor-column-gap-default\">\n\t\t\t\t\t<div class=\"elementor-column elementor-col-100 elementor-top-column elementor-element elementor-element-5a7c035\" data-id=\"5a7c035\" data-element_type=\"column\">\n\t\t\t<div class=\"elementor-widget-wrap elementor-element-populated\">\n\t\t\t\t\t\t\t\t<div class=\"elementor-element elementor-element-c60528c elementor-hidden-desktop elementor-hidden-tablet elementor-hidden-mobile elementor-widget elementor-widget-heading\" data-id=\"c60528c\" data-element_type=\"widget\" data-widget_type=\"heading.default\">\n\t\t\t\t<div class=\"elementor-widget-container\">\n\t\t\t<h2 class=\"elementor-heading-title elementor-size-default\">Dining<\/h2>\t\t<\/div>\n\t\t\t\t<\/div>\n\t\t\t\t\t<\/div>\n\t\t<\/div>\n\t\t\t\t\t\t\t<\/div>\n\t\t<\/section>\n\t\t\t\t<section class=\"elementor-section elementor-top-section elementor-element elementor-element-7eb19072 elementor-section-boxed elementor-section-height-default elementor-section-height-default\" data-id=\"7eb19072\" data-element_type=\"section\" data-settings=\"{&quot;background_background&quot;:&quot;classic&quot;}\">\n\t\t\t\t\t\t<div class=\"elementor-container elementor-column-gap-default\">\n\t\t\t\t\t<div class=\"elementor-column elementor-col-100 elementor-top-column elementor-element elementor-element-c7d84a4\" data-id=\"c7d84a4\" data-element_type=\"column\">\n\t\t\t<div class=\"elementor-widget-wrap elementor-element-populated\">\n\t\t\t\t\t\t\t\t<div class=\"elementor-element elementor-element-505417f7 animated-slow elementor-invisible elementor-widget elementor-widget-heading\" data-id=\"505417f7\" data-element_type=\"widget\" data-settings=\"{&quot;_animation&quot;:&quot;fadeInUp&quot;}\" data-widget_type=\"heading.default\">\n\t\t\t\t<div class=\"elementor-widget-container\">\n\t\t\t<h5 class=\"elementor-heading-title elementor-size-default\">Macaw Lodge<\/h5>\t\t<\/div>\n\t\t\t\t<\/div>\n\t\t\t\t<div class=\"elementor-element elementor-element-b069dc1 elementor-widget elementor-widget-heading\" data-id=\"b069dc1\" data-element_type=\"widget\" data-widget_type=\"heading.default\">\n\t\t\t\t<div class=\"elementor-widget-container\">\n\t\t\t<h2 class=\"elementor-heading-title elementor-size-default\">Pol\u00edticas de Reservaci\u00f3n<\/h2>\t\t<\/div>\n\t\t\t\t<\/div>\n\t\t\t\t\t<\/div>\n\t\t<\/div>\n\t\t\t\t\t\t\t<\/div>\n\t\t<\/section>\n\t\t\t\t<section class=\"elementor-section elementor-top-section elementor-element elementor-element-eccba11 elementor-section-boxed elementor-section-height-default elementor-section-height-default\" data-id=\"eccba11\" data-element_type=\"section\" data-settings=\"{&quot;background_background&quot;:&quot;classic&quot;}\">\n\t\t\t\t\t\t<div class=\"elementor-container elementor-column-gap-default\">\n\t\t\t\t\t<div class=\"elementor-column elementor-col-100 elementor-top-column elementor-element elementor-element-14c32a0\" data-id=\"14c32a0\" data-element_type=\"column\">\n\t\t\t<div class=\"elementor-widget-wrap elementor-element-populated\">\n\t\t\t\t\t\t\t\t<div class=\"elementor-element elementor-element-3c8b274 elementor-widget elementor-widget-heading\" data-id=\"3c8b274\" data-element_type=\"widget\" data-widget_type=\"heading.default\">\n\t\t\t\t<div class=\"elementor-widget-container\">\n\t\t\t<h2 class=\"elementor-heading-title elementor-size-default\">T\u00e9rminos de las Pol\u00edticas de Reservaci\u00f3n<\/h2>\t\t<\/div>\n\t\t\t\t<\/div>\n\t\t\t\t<div class=\"elementor-element elementor-element-c3854ba elementor-widget elementor-widget-text-editor\" data-id=\"c3854ba\" data-element_type=\"widget\" data-widget_type=\"text-editor.default\">\n\t\t\t\t<div class=\"elementor-widget-container\">\n\t\t\t\t\t\t\t<p>Todas las reservaciones deben ser tramitadas por escrito en la oficina de reservaciones , v\u00eda email, especificando los servicios requeridos<br \/>Todas las reservaciones requieren tener el nombre del cliente as\u00ed como el numero de personas que se alojaran en el lodge incluyendo restricciones alimenticias y hora estimada de llegada.<br \/>A la llegada al Lodge el cliente debe presentar la confirmaci\u00f3n de la reservaci\u00f3n. El Lodge ofrecer\u00e1 los servicios que se estipulan en el documento. Todas las Reservaciones deben ser pagadas antes de la llegada del cliente.<\/p>\t\t\t\t\t\t<\/div>\n\t\t\t\t<\/div>\n\t\t\t\t<div class=\"elementor-element elementor-element-e5eda78 elementor-widget elementor-widget-heading\" data-id=\"e5eda78\" data-element_type=\"widget\" data-widget_type=\"heading.default\">\n\t\t\t\t<div class=\"elementor-widget-container\">\n\t\t\t<h2 class=\"elementor-heading-title elementor-size-default\">Pol\u00edticas de Pago<\/h2>\t\t<\/div>\n\t\t\t\t<\/div>\n\t\t\t\t<div class=\"elementor-element elementor-element-fbe7554 elementor-widget elementor-widget-text-editor\" data-id=\"fbe7554\" data-element_type=\"widget\" data-widget_type=\"text-editor.default\">\n\t\t\t\t<div class=\"elementor-widget-container\">\n\t\t\t\t\t\t\t<p><span style=\"text-decoration: underline;\"><strong>Temporada Alta<\/strong><\/span>: del 16 de diciembre al 30 de abril.<\/p><p>Todas las reservas deben estar prepagadas al menos 7 d\u00edas antes de la fecha de llegada.\u00a0<\/p><p><span style=\"text-decoration: underline;\"><strong>Temporada Baja<\/strong><\/span>: del 1 de mayo al 15 de diciembre.<\/p><p>El pago total debe realizarse 3 d\u00edas antes de la fecha de llegada.\u00a0<\/p>\t\t\t\t\t\t<\/div>\n\t\t\t\t<\/div>\n\t\t\t\t<div class=\"elementor-element elementor-element-136ae83 elementor-widget elementor-widget-heading\" data-id=\"136ae83\" data-element_type=\"widget\" data-widget_type=\"heading.default\">\n\t\t\t\t<div class=\"elementor-widget-container\">\n\t\t\t<h2 class=\"elementor-heading-title elementor-size-default\">Pol\u00edticas de Cancelaci\u00f3n<\/h2>\t\t<\/div>\n\t\t\t\t<\/div>\n\t\t\t\t<div class=\"elementor-element elementor-element-21f8db4 elementor-widget elementor-widget-text-editor\" data-id=\"21f8db4\" data-element_type=\"widget\" data-widget_type=\"text-editor.default\">\n\t\t\t\t<div class=\"elementor-widget-container\">\n\t\t\t\t\t\t\t<p><span style=\"text-decoration: underline;\"><strong>Temporada Alta<\/strong><\/span>: No aplica penalidad si la reserva es cancelada 7 d\u00edas antes de la llegada del cliente.<\/p><p><span style=\"text-decoration: underline;\"><strong>Temporada Baja<\/strong><\/span>: No aplica penalidad si la reserva es cancelada 3 d\u00edas antes de la llegada del cliente.<\/p><p><span style=\"text-decoration: underline;\"><strong>Importante<\/strong><\/span>: Cancelaciones efectuadas luego de esas fechas tendr\u00e1n una penalidad del 100% del valor total de la reserva.<\/p>\t\t\t\t\t\t<\/div>\n\t\t\t\t<\/div>\n\t\t\t\t<div class=\"elementor-element elementor-element-ddac168 elementor-widget elementor-widget-heading\" data-id=\"ddac168\" data-element_type=\"widget\" data-widget_type=\"heading.default\">\n\t\t\t\t<div class=\"elementor-widget-container\">\n\t\t\t<h2 class=\"elementor-heading-title elementor-size-default\">Pol\u00edticas de Ni\u00f1os<\/h2>\t\t<\/div>\n\t\t\t\t<\/div>\n\t\t\t\t<div class=\"elementor-element elementor-element-3af8f2a elementor-widget elementor-widget-text-editor\" data-id=\"3af8f2a\" data-element_type=\"widget\" data-widget_type=\"text-editor.default\">\n\t\t\t\t<div class=\"elementor-widget-container\">\n\t\t\t\t\t\t\t<p>No se aceptan ni\u00f1os menores de 12 a\u00f1os <span style=\"text-decoration: underline;\"><strong>(salvo excepciones)<\/strong><\/span><br \/>De 7 a 11 a\u00f1os los ni\u00f1os pagan solo alimentaci\u00f3n (siempre y cuando el hotel haga una excepci\u00f3n y compartan habitaci\u00f3n con los padres)<br \/>$ 10 desayuno<br \/>$ 12 almuerzo<br \/>$ 12 cena<br \/>12 a\u00f1os o m\u00e1s el ni\u00f1o paga como adulto<\/p>\t\t\t\t\t\t<\/div>\n\t\t\t\t<\/div>\n\t\t\t\t<div class=\"elementor-element elementor-element-af30897 elementor-widget elementor-widget-heading\" data-id=\"af30897\" data-element_type=\"widget\" data-widget_type=\"heading.default\">\n\t\t\t\t<div class=\"elementor-widget-container\">\n\t\t\t<h2 class=\"elementor-heading-title elementor-size-default\">M\u00e9todos de Pago<\/h2>\t\t<\/div>\n\t\t\t\t<\/div>\n\t\t\t\t<div class=\"elementor-element elementor-element-31f50b6 elementor-widget elementor-widget-text-editor\" data-id=\"31f50b6\" data-element_type=\"widget\" data-widget_type=\"text-editor.default\">\n\t\t\t\t<div class=\"elementor-widget-container\">\n\t\t\t\t\t\t\t<p>Los pagos se pueden efectuar en efectivo, tarjeta de cr\u00e9dito o transferencia bancaria.<br \/>Cuando el pago se realiza a trav\u00e9s de un dep\u00f3sito, la reserva se considerara garantizada hasta que el departamento de reservaciones reciba una copia del dep\u00f3sito v\u00eda e mail o fax con el numero de la reservaci\u00f3n y la fecha de entrada de los pasajeros. De no recibirlo, el hotel no se har\u00e1 responsable de la cancelaci\u00f3n de la reserva.<\/p><p>HORA LLEGADA 2:00 PM. HORA DE SALIDA: 12:00 PM<\/p>\t\t\t\t\t\t<\/div>\n\t\t\t\t<\/div>\n\t\t\t\t<div class=\"elementor-element elementor-element-5201b79 elementor-widget elementor-widget-heading\" data-id=\"5201b79\" data-element_type=\"widget\" data-widget_type=\"heading.default\">\n\t\t\t\t<div class=\"elementor-widget-container\">\n\t\t\t<h2 class=\"elementor-heading-title elementor-size-default\">Regulaciones<\/h2>\t\t<\/div>\n\t\t\t\t<\/div>\n\t\t\t\t<div class=\"elementor-element elementor-element-f805b52 elementor-widget elementor-widget-text-editor\" data-id=\"f805b52\" data-element_type=\"widget\" data-widget_type=\"text-editor.default\">\n\t\t\t\t<div class=\"elementor-widget-container\">\n\t\t\t\t\t\t\tNo se aceptan mascotas.\t\t\t\t\t\t<\/div>\n\t\t\t\t<\/div>\n\t\t\t\t<div class=\"elementor-element elementor-element-54410bb elementor-widget elementor-widget-heading\" data-id=\"54410bb\" data-element_type=\"widget\" data-widget_type=\"heading.default\">\n\t\t\t\t<div class=\"elementor-widget-container\">\n\t\t\t<h2 class=\"elementor-heading-title elementor-size-default\">Coordenadas Geogr\u00e1ficas<\/h2>\t\t<\/div>\n\t\t\t\t<\/div>\n\t\t\t\t<div class=\"elementor-element elementor-element-2418ff7 elementor-widget elementor-widget-text-editor\" data-id=\"2418ff7\" data-element_type=\"widget\" data-widget_type=\"text-editor.default\">\n\t\t\t\t<div class=\"elementor-widget-container\">\n\t\t\t\t\t\t\t9.729637, -84.518617\t\t\t\t\t\t<\/div>\n\t\t\t\t<\/div>\n\t\t\t\t\t<\/div>\n\t\t<\/div>\n\t\t\t\t\t\t\t<\/div>\n\t\t<\/section>\n\t\t\t\t\t\t\t<\/div>\n\t\t","protected":false},"excerpt":{"rendered":"<p>Dining Macaw Lodge Pol\u00edticas de Reservaci\u00f3n T\u00e9rminos de las Pol\u00edticas de Reservaci\u00f3n Todas las reservaciones deben ser tramitadas por escrito en la oficina de reservaciones , v\u00eda email, especificando los servicios requeridosTodas las reservaciones requieren tener el nombre del cliente as\u00ed como el numero de personas que se alojaran en el lodge incluyendo restricciones alimenticias [&hellip;]<\/p>\n","protected":false},"author":1,"featured_media":0,"parent":0,"menu_order":0,"comment_status":"closed","ping_status":"closed","template":"elementor_header_footer","meta":{"_acf_changed":false,"inline_featured_image":false,"footnotes":""},"acf":[],"_links":{"self":[{"href":"https:\/\/www.macawlodge.com\/es\/wp-json\/wp\/v2\/pages\/2842"}],"collection":[{"href":"https:\/\/www.macawlodge.com\/es\/wp-json\/wp\/v2\/pages"}],"about":[{"href":"https:\/\/www.macawlodge.com\/es\/wp-json\/wp\/v2\/types\/page"}],"author":[{"embeddable":true,"href":"https:\/\/www.macawlodge.com\/es\/wp-json\/wp\/v2\/users\/1"}],"replies":[{"embeddable":true,"href":"https:\/\/www.macawlodge.com\/es\/wp-json\/wp\/v2\/comments?post=2842"}],"version-history":[{"count":13,"href":"https:\/\/www.macawlodge.com\/es\/wp-json\/wp\/v2\/pages\/2842\/revisions"}],"predecessor-version":[{"id":6962,"href":"https:\/\/www.macawlodge.com\/es\/wp-json\/wp\/v2\/pages\/2842\/revisions\/6962"}],"wp:attachment":[{"href":"https:\/\/www.macawlodge.com\/es\/wp-json\/wp\/v2\/media?parent=2842"}],"curies":[{"name":"wp","href":"https:\/\/api.w.org\/{rel}","templated":true}]}}