{"id":3200,"date":"2023-05-09T22:57:24","date_gmt":"2023-05-09T22:57:24","guid":{"rendered":"https:\/\/www.macawlodge.com\/privacy-policy\/"},"modified":"2023-05-19T22:21:39","modified_gmt":"2023-05-19T22:21:39","slug":"politica-de-privacidad","status":"publish","type":"page","link":"https:\/\/www.macawlodge.com\/es\/politica-de-privacidad\/","title":{"rendered":"Pol\u00edtica de Privacidad"},"content":{"rendered":"\t\t<div data-elementor-type=\"wp-page\" data-elementor-id=\"3200\" class=\"elementor elementor-3200 elementor-3191\" data-elementor-post-type=\"page\">\n\t\t\t\t\t\t\t\t\t<section class=\"elementor-section elementor-top-section elementor-element elementor-element-fafd6fc elementor-section-boxed elementor-section-height-default elementor-section-height-default\" data-id=\"fafd6fc\" data-element_type=\"section\" data-settings=\"{&quot;background_background&quot;:&quot;slideshow&quot;,&quot;background_slideshow_ken_burns&quot;:&quot;yes&quot;,&quot;background_slideshow_gallery&quot;:[{&quot;id&quot;:2171,&quot;url&quot;:&quot;https:\\\/\\\/www.macawlodge.com\\\/wp-content\\\/uploads\\\/2023\\\/03\\\/dining-header-1.jpg&quot;},{&quot;id&quot;:2173,&quot;url&quot;:&quot;https:\\\/\\\/www.macawlodge.com\\\/wp-content\\\/uploads\\\/2023\\\/03\\\/dining-header-2.jpg&quot;}],&quot;background_slideshow_loop&quot;:&quot;yes&quot;,&quot;background_slideshow_slide_duration&quot;:5000,&quot;background_slideshow_slide_transition&quot;:&quot;fade&quot;,&quot;background_slideshow_transition_duration&quot;:500,&quot;background_slideshow_ken_burns_zoom_direction&quot;:&quot;in&quot;}\">\n\t\t\t\t\t\t\t<div class=\"elementor-background-overlay\"><\/div>\n\t\t\t\t\t\t\t<div class=\"elementor-container elementor-column-gap-default\">\n\t\t\t\t\t<div class=\"elementor-column elementor-col-100 elementor-top-column elementor-element elementor-element-5a7c035\" data-id=\"5a7c035\" data-element_type=\"column\">\n\t\t\t<div class=\"elementor-widget-wrap elementor-element-populated\">\n\t\t\t\t\t\t\t\t<div class=\"elementor-element elementor-element-c60528c elementor-hidden-desktop elementor-hidden-tablet elementor-hidden-mobile elementor-widget elementor-widget-heading\" data-id=\"c60528c\" data-element_type=\"widget\" data-widget_type=\"heading.default\">\n\t\t\t\t<div class=\"elementor-widget-container\">\n\t\t\t<h2 class=\"elementor-heading-title elementor-size-default\">Dining<\/h2>\t\t<\/div>\n\t\t\t\t<\/div>\n\t\t\t\t\t<\/div>\n\t\t<\/div>\n\t\t\t\t\t\t\t<\/div>\n\t\t<\/section>\n\t\t\t\t<section class=\"elementor-section elementor-top-section elementor-element elementor-element-7eb19072 elementor-section-boxed elementor-section-height-default elementor-section-height-default\" data-id=\"7eb19072\" data-element_type=\"section\" data-settings=\"{&quot;background_background&quot;:&quot;classic&quot;}\">\n\t\t\t\t\t\t<div class=\"elementor-container elementor-column-gap-default\">\n\t\t\t\t\t<div class=\"elementor-column elementor-col-100 elementor-top-column elementor-element elementor-element-c7d84a4\" data-id=\"c7d84a4\" data-element_type=\"column\">\n\t\t\t<div class=\"elementor-widget-wrap elementor-element-populated\">\n\t\t\t\t\t\t\t\t<div class=\"elementor-element elementor-element-505417f7 animated-slow elementor-invisible elementor-widget elementor-widget-heading\" data-id=\"505417f7\" data-element_type=\"widget\" data-settings=\"{&quot;_animation&quot;:&quot;fadeInUp&quot;}\" data-widget_type=\"heading.default\">\n\t\t\t\t<div class=\"elementor-widget-container\">\n\t\t\t<h5 class=\"elementor-heading-title elementor-size-default\">Macaw Lodge<\/h5>\t\t<\/div>\n\t\t\t\t<\/div>\n\t\t\t\t<div class=\"elementor-element elementor-element-b069dc1 elementor-widget elementor-widget-heading\" data-id=\"b069dc1\" data-element_type=\"widget\" data-widget_type=\"heading.default\">\n\t\t\t\t<div class=\"elementor-widget-container\">\n\t\t\t<h2 class=\"elementor-heading-title elementor-size-default\">Pol\u00edtica de Privacidad<\/h2>\t\t<\/div>\n\t\t\t\t<\/div>\n\t\t\t\t\t<\/div>\n\t\t<\/div>\n\t\t\t\t\t\t\t<\/div>\n\t\t<\/section>\n\t\t\t\t<section class=\"elementor-section elementor-top-section elementor-element elementor-element-eccba11 elementor-section-boxed elementor-section-height-default elementor-section-height-default\" data-id=\"eccba11\" data-element_type=\"section\" data-settings=\"{&quot;background_background&quot;:&quot;classic&quot;}\">\n\t\t\t\t\t\t<div class=\"elementor-container elementor-column-gap-default\">\n\t\t\t\t\t<div class=\"elementor-column elementor-col-100 elementor-top-column elementor-element elementor-element-14c32a0\" data-id=\"14c32a0\" data-element_type=\"column\">\n\t\t\t<div class=\"elementor-widget-wrap elementor-element-populated\">\n\t\t\t\t\t\t\t\t<div class=\"elementor-element elementor-element-3c8b274 elementor-widget elementor-widget-heading\" data-id=\"3c8b274\" data-element_type=\"widget\" data-widget_type=\"heading.default\">\n\t\t\t\t<div class=\"elementor-widget-container\">\n\t\t\t<h2 class=\"elementor-heading-title elementor-size-default\">Privacidad<\/h2>\t\t<\/div>\n\t\t\t\t<\/div>\n\t\t\t\t<div class=\"elementor-element elementor-element-c3854ba elementor-widget elementor-widget-text-editor\" data-id=\"c3854ba\" data-element_type=\"widget\" data-widget_type=\"text-editor.default\">\n\t\t\t\t<div class=\"elementor-widget-container\">\n\t\t\t\t\t\t\t<p>En Macaw Lodge entendemos la importancia de la privacidad y estamos comprometidos a ganar la confianza de los hu\u00e9spedes mediante la adopci\u00f3n de altos est\u00e1ndares. La de Macaw Lodge describe el tipo de informaci\u00f3n personal que recopilamos y recibimos, las circunstancias en las que recogemos o recibimos la informaci\u00f3n personal, las pol\u00edticas y los procedimientos se han establecido delineando su uso y almacenamiento y compartir ciertos tipos de informaci\u00f3n personal en ciertas circunstancias limitadas, los procedimientos que deben seguir si usted tiene cualquier pregunta o solicitud con respecto a su informaci\u00f3n personal o nuestras pol\u00edticas y procedimientos y la persona a quien esas preguntas o solicitudes deben ser dirigidas as\u00ed como los medios a trav\u00e9s de los cuales se comunicar\u00e1 con esa persona. En esta pol\u00edtica, la informaci\u00f3n personal significa informaci\u00f3n sobre usted que es personalmente identificable como su nombre, direcci\u00f3n, direcci\u00f3n de correo electr\u00f3nico o n\u00famero de tel\u00e9fono, o que no est\u00e1 a disposici\u00f3n del p\u00fablico.<\/p>\t\t\t\t\t\t<\/div>\n\t\t\t\t<\/div>\n\t\t\t\t<div class=\"elementor-element elementor-element-e5eda78 elementor-widget elementor-widget-heading\" data-id=\"e5eda78\" data-element_type=\"widget\" data-widget_type=\"heading.default\">\n\t\t\t\t<div class=\"elementor-widget-container\">\n\t\t\t<h2 class=\"elementor-heading-title elementor-size-default\">\u00bfQu\u00e9 informaci\u00f3n solicitamos?<\/h2>\t\t<\/div>\n\t\t\t\t<\/div>\n\t\t\t\t<div class=\"elementor-element elementor-element-fbe7554 elementor-widget elementor-widget-text-editor\" data-id=\"fbe7554\" data-element_type=\"widget\" data-widget_type=\"text-editor.default\">\n\t\t\t\t<div class=\"elementor-widget-container\">\n\t\t\t\t\t\t\t<p>Recopilamos su informaci\u00f3n cuando se registra en nuestro sitio web, hace una reservaci\u00f3n, se suscribe a nuestro bolet\u00edn de noticias o llena un formulario. Al reservar o registrarse en nuestro sitio, en su caso, se le puede pedir que introduzca su nombre, direcci\u00f3n de correo electr\u00f3nico o n\u00famero de tel\u00e9fono. Es posible, sin embargo, visitar nuestro sitio de forma an\u00f3nima.<\/p>\t\t\t\t\t\t<\/div>\n\t\t\t\t<\/div>\n\t\t\t\t<div class=\"elementor-element elementor-element-136ae83 elementor-widget elementor-widget-heading\" data-id=\"136ae83\" data-element_type=\"widget\" data-widget_type=\"heading.default\">\n\t\t\t\t<div class=\"elementor-widget-container\">\n\t\t\t<h2 class=\"elementor-heading-title elementor-size-default\">\u00bfPara qu\u00e9 utilizamos su informaci\u00f3n?<\/h2>\t\t<\/div>\n\t\t\t\t<\/div>\n\t\t\t\t<div class=\"elementor-element elementor-element-21f8db4 elementor-widget elementor-widget-text-editor\" data-id=\"21f8db4\" data-element_type=\"widget\" data-widget_type=\"text-editor.default\">\n\t\t\t\t<div class=\"elementor-widget-container\">\n\t\t\t\t\t\t\t<p>Toda la informaci\u00f3n suya que obtenemos puede ser utilizada en una de las siguientes maneras:<\/p><p>&#8211; Para mejorar nuestro sitio web (nos esforzamos continuamente en mejorar las ofertas del sitio web bas\u00e1ndonos en la informaci\u00f3n y la retroalimentaci\u00f3n que recibimos de nuestros clientes)<\/p><p>&#8211; Para mejorar el servicio al cliente (su informaci\u00f3n nos ayuda a responder m\u00e1s eficazmente a sus solicitudes a servicio al cliente ya sus necesidades de soporte)<\/p><p>&#8211; Para procesar las reservaciones<\/p><p>Su informaci\u00f3n, ya sea p\u00fablica o privada, no ser\u00e1 vendida, intercambiada, transferida o dada a ninguna otra empresa por cualquier motivo, sin su consentimiento, excepto con el expreso prop\u00f3sito de brindar un servicio solicitado. La direcci\u00f3n de correo electr\u00f3nico que usted proporciona para el procesamiento de pedidos s\u00f3lo ser\u00e1 utilizada para enviarle informaci\u00f3n y las actualizaciones correspondientes a su reservaci\u00f3n.<\/p><p><span style=\"text-decoration: underline;\">Nota<\/span>: Si en alg\u00fan momento desea dejar de recibir futuros correos electr\u00f3nicos, incluimos instrucciones detalladas para darse de baja en la parte inferior de cada correo electr\u00f3nico.<\/p><p>Al hacer una reserva o al usar los servicios de Macaw Lodge es necesario disponer de informaci\u00f3n con el fin de identificarle, contactarle y procesar su solicitud. Esta informaci\u00f3n normalmente incluye, pero no se limita a, su nombre, direcci\u00f3n, n\u00famero de tel\u00e9fono, direcci\u00f3n de correo electr\u00f3nico, n\u00famero de tarjeta de cr\u00e9dito y fecha de vencimiento, y la preferencia de idioma.<\/p>\t\t\t\t\t\t<\/div>\n\t\t\t\t<\/div>\n\t\t\t\t<div class=\"elementor-element elementor-element-ddac168 elementor-widget elementor-widget-heading\" data-id=\"ddac168\" data-element_type=\"widget\" data-widget_type=\"heading.default\">\n\t\t\t\t<div class=\"elementor-widget-container\">\n\t\t\t<h2 class=\"elementor-heading-title elementor-size-default\">\u00bfC\u00f3mo protegemos tu informaci\u00f3n?<\/h2>\t\t<\/div>\n\t\t\t\t<\/div>\n\t\t\t\t<div class=\"elementor-element elementor-element-3af8f2a elementor-widget elementor-widget-text-editor\" data-id=\"3af8f2a\" data-element_type=\"widget\" data-widget_type=\"text-editor.default\">\n\t\t\t\t<div class=\"elementor-widget-container\">\n\t\t\t\t\t\t\t<p>Ponemos en pr\u00e1ctica una serie de medidas de seguridad para mantener la seguridad de su informaci\u00f3n personal cuando usted realiza una reservacion o ingresa, env\u00eda o accede a su informaci\u00f3n personal. Ofrecemos el uso de un servidor seguro. Toda informaci\u00f3n sensible de cr\u00e9dito suministrada se transmite a trav\u00e9s de la tecnolog\u00eda Secure Socket Layer (SSL) y se encripta en la base de datos de nuestros proveedores de pagos para ser accesible por las personas autorizadas con los derechos especiales de acceso a dichos sistemas, y est\u00e1n obligados a mantener la informaci\u00f3n confidencial. Despu\u00e9s de una transacci\u00f3n, su informaci\u00f3n privada (tarjetas de cr\u00e9dito, n\u00fameros de seguridad social, finanzas, etc) no ser\u00e1 almacenada en nuestros servidores.<\/p>\t\t\t\t\t\t<\/div>\n\t\t\t\t<\/div>\n\t\t\t\t<div class=\"elementor-element elementor-element-af30897 elementor-widget elementor-widget-heading\" data-id=\"af30897\" data-element_type=\"widget\" data-widget_type=\"heading.default\">\n\t\t\t\t<div class=\"elementor-widget-container\">\n\t\t\t<h2 class=\"elementor-heading-title elementor-size-default\">\u00bfUtilizamos cookies?<\/h2>\t\t<\/div>\n\t\t\t\t<\/div>\n\t\t\t\t<div class=\"elementor-element elementor-element-31f50b6 elementor-widget elementor-widget-text-editor\" data-id=\"31f50b6\" data-element_type=\"widget\" data-widget_type=\"text-editor.default\">\n\t\t\t\t<div class=\"elementor-widget-container\">\n\t\t\t\t\t\t\t<p>S\u00ed. Las cookies son peque\u00f1os archivos que un sitio o de su proveedor de servicios transfiere al disco duro del ordenador mediante el navegador Web (si se permite) que permite a los sitios o sistemas de los proveedores de servicios reconocer su navegador y capturar y recuperar cierta informaci\u00f3n. Nosotros utilizamos cookies para ayudarnos a recordar y procesar los art\u00edculos en su carrito de compras y entender y guardar sus preferencias para futuras visitas, para obtener m\u00e1s informaci\u00f3n sobre el tipo de informaci\u00f3n que almacenamos temporalmente por favor visitar la secci\u00f3n denominada \u201cPol\u00edtica de Cookies\u201d incluida en este sitio web.<\/p>\t\t\t\t\t\t<\/div>\n\t\t\t\t<\/div>\n\t\t\t\t<div class=\"elementor-element elementor-element-5201b79 elementor-widget elementor-widget-heading\" data-id=\"5201b79\" data-element_type=\"widget\" data-widget_type=\"heading.default\">\n\t\t\t\t<div class=\"elementor-widget-container\">\n\t\t\t<h2 class=\"elementor-heading-title elementor-size-default\">\u00bfRevelamos informaci\u00f3n a terceros?<\/h2>\t\t<\/div>\n\t\t\t\t<\/div>\n\t\t\t\t<div class=\"elementor-element elementor-element-f805b52 elementor-widget elementor-widget-text-editor\" data-id=\"f805b52\" data-element_type=\"widget\" data-widget_type=\"text-editor.default\">\n\t\t\t\t<div class=\"elementor-widget-container\">\n\t\t\t\t\t\t\t<p>Nosotros no vendemos, comerciamos, o transferimos a terceros sus datos personales. Esto no incluye los terceros de confianza que nos asisten en la operaci\u00f3n de nuestro sitio web, la realizaci\u00f3n de nuestro negocio, un servicio que, siempre que dichas partes se comprometen a mantener esta informaci\u00f3n confidencial. Tambi\u00e9n podemos revelar su informaci\u00f3n cuando creemos que es apropiado para cumplir con la ley, hacer cumplir las pol\u00edticas de nuestro sitio, o para proteger los derechos, propiedad o seguridad nuestros o de otros. Sin embargo, la informaci\u00f3n del visitante de identificaci\u00f3n no personal puede ser proporcionada a terceros para la comercializaci\u00f3n, publicidad, u otros usos.<\/p>\t\t\t\t\t\t<\/div>\n\t\t\t\t<\/div>\n\t\t\t\t<div class=\"elementor-element elementor-element-54410bb elementor-widget elementor-widget-heading\" data-id=\"54410bb\" data-element_type=\"widget\" data-widget_type=\"heading.default\">\n\t\t\t\t<div class=\"elementor-widget-container\">\n\t\t\t<h2 class=\"elementor-heading-title elementor-size-default\">Enlaces de terceros<\/h2>\t\t<\/div>\n\t\t\t\t<\/div>\n\t\t\t\t<div class=\"elementor-element elementor-element-2418ff7 elementor-widget elementor-widget-text-editor\" data-id=\"2418ff7\" data-element_type=\"widget\" data-widget_type=\"text-editor.default\">\n\t\t\t\t<div class=\"elementor-widget-container\">\n\t\t\t\t\t\t\t<p>En algunas ocasiones, a nuestra discreci\u00f3n, podemos incluir u ofrecer productos o servicios de terceros en nuestro sitio web. Estos sitios de terceros tienen pol\u00edticas de privacidad separadas e independientes. Por lo tanto, no tenemos responsabilidad alguna por los contenidos y actividades de estos sitios enlazados. Sin embargo, buscamos proteger la integridad de nuestro sitio y agradecemos cualquier comentario sobre estos sitios.<\/p>\t\t\t\t\t\t<\/div>\n\t\t\t\t<\/div>\n\t\t\t\t<div class=\"elementor-element elementor-element-f57f133 elementor-widget elementor-widget-heading\" data-id=\"f57f133\" data-element_type=\"widget\" data-widget_type=\"heading.default\">\n\t\t\t\t<div class=\"elementor-widget-container\">\n\t\t\t<h2 class=\"elementor-heading-title elementor-size-default\">Acta de Protecci\u00f3n de la Privacidad Online de los Ni\u00f1os<\/h2>\t\t<\/div>\n\t\t\t\t<\/div>\n\t\t\t\t<div class=\"elementor-element elementor-element-0d0da92 elementor-widget elementor-widget-text-editor\" data-id=\"0d0da92\" data-element_type=\"widget\" data-widget_type=\"text-editor.default\">\n\t\t\t\t<div class=\"elementor-widget-container\">\n\t\t\t\t\t\t\t<p>Cumplimos los requisitos de COPPA (Ley de Protecci\u00f3n de Privacidad Infantil en Internet); y la Ley de Protecci\u00f3n de la Persona frente al tratamiento de sus datos personales de Costa Rica, procuramos no recolectar informaci\u00f3n de ninguna persona menor de 16 a\u00f1os. Nuestro sitio web, productos y servicios est\u00e1n dirigidos a personas que tengan al menos 16 a\u00f1os de edad o m\u00e1s.<\/p>\t\t\t\t\t\t<\/div>\n\t\t\t\t<\/div>\n\t\t\t\t<div class=\"elementor-element elementor-element-1b1c51a elementor-widget elementor-widget-heading\" data-id=\"1b1c51a\" data-element_type=\"widget\" data-widget_type=\"heading.default\">\n\t\t\t\t<div class=\"elementor-widget-container\">\n\t\t\t<h2 class=\"elementor-heading-title elementor-size-default\">Pol\u00edtica de privacidad en l\u00ednea \u00fanicamente<\/h2>\t\t<\/div>\n\t\t\t\t<\/div>\n\t\t\t\t<div class=\"elementor-element elementor-element-e110ce8 elementor-widget elementor-widget-text-editor\" data-id=\"e110ce8\" data-element_type=\"widget\" data-widget_type=\"text-editor.default\">\n\t\t\t\t<div class=\"elementor-widget-container\">\n\t\t\t\t\t\t\t<p>Esta pol\u00edtica de privacidad online se aplica \u00fanicamente a la informaci\u00f3n recogida a trav\u00e9s de nuestra p\u00e1gina web y no a la informaci\u00f3n recogida por otros medios.<\/p>\t\t\t\t\t\t<\/div>\n\t\t\t\t<\/div>\n\t\t\t\t<div class=\"elementor-element elementor-element-154d13d elementor-widget elementor-widget-heading\" data-id=\"154d13d\" data-element_type=\"widget\" data-widget_type=\"heading.default\">\n\t\t\t\t<div class=\"elementor-widget-container\">\n\t\t\t<h2 class=\"elementor-heading-title elementor-size-default\">T\u00e9rminos y Condiciones<\/h2>\t\t<\/div>\n\t\t\t\t<\/div>\n\t\t\t\t<div class=\"elementor-element elementor-element-caea50a elementor-widget elementor-widget-text-editor\" data-id=\"caea50a\" data-element_type=\"widget\" data-widget_type=\"text-editor.default\">\n\t\t\t\t<div class=\"elementor-widget-container\">\n\t\t\t\t\t\t\t<p>Visite tambi\u00e9n nuestra secci\u00f3n de T\u00e9rminos y Condiciones donde se establece el uso, renuncias y limitaciones de responsabilidad que rigen el uso de nuestro sitio web en www.macawlodge.com<\/p>\t\t\t\t\t\t<\/div>\n\t\t\t\t<\/div>\n\t\t\t\t<div class=\"elementor-element elementor-element-c00494e elementor-widget elementor-widget-heading\" data-id=\"c00494e\" data-element_type=\"widget\" data-widget_type=\"heading.default\">\n\t\t\t\t<div class=\"elementor-widget-container\">\n\t\t\t<h2 class=\"elementor-heading-title elementor-size-default\">Su consentimiento<\/h2>\t\t<\/div>\n\t\t\t\t<\/div>\n\t\t\t\t<div class=\"elementor-element elementor-element-3f08103 elementor-widget elementor-widget-text-editor\" data-id=\"3f08103\" data-element_type=\"widget\" data-widget_type=\"text-editor.default\">\n\t\t\t\t<div class=\"elementor-widget-container\">\n\t\t\t\t\t\t\t<p>Al utilizar nuestro sitio, usted acepta nuestra pol\u00edtica de privacidad en l\u00ednea.<\/p>\t\t\t\t\t\t<\/div>\n\t\t\t\t<\/div>\n\t\t\t\t<div class=\"elementor-element elementor-element-97f0889 elementor-widget elementor-widget-heading\" data-id=\"97f0889\" data-element_type=\"widget\" data-widget_type=\"heading.default\">\n\t\t\t\t<div class=\"elementor-widget-container\">\n\t\t\t<h2 class=\"elementor-heading-title elementor-size-default\">Cambios en nuestra pol\u00edtica de privacidad<\/h2>\t\t<\/div>\n\t\t\t\t<\/div>\n\t\t\t\t<div class=\"elementor-element elementor-element-77cbe91 elementor-widget elementor-widget-text-editor\" data-id=\"77cbe91\" data-element_type=\"widget\" data-widget_type=\"text-editor.default\">\n\t\t\t\t<div class=\"elementor-widget-container\">\n\t\t\t\t\t\t\t<p>Si decidimos cambiar nuestra pol\u00edtica de privacidad, publicaremos esos cambios en esta p\u00e1gina.<\/p>\t\t\t\t\t\t<\/div>\n\t\t\t\t<\/div>\n\t\t\t\t<div class=\"elementor-element elementor-element-ff9ca0a elementor-widget elementor-widget-heading\" data-id=\"ff9ca0a\" data-element_type=\"widget\" data-widget_type=\"heading.default\">\n\t\t\t\t<div class=\"elementor-widget-container\">\n\t\t\t<h2 class=\"elementor-heading-title elementor-size-default\">Cont\u00e1ctenos<\/h2>\t\t<\/div>\n\t\t\t\t<\/div>\n\t\t\t\t<div class=\"elementor-element elementor-element-afccffc elementor-widget elementor-widget-text-editor\" data-id=\"afccffc\" data-element_type=\"widget\" data-widget_type=\"text-editor.default\">\n\t\t\t\t<div class=\"elementor-widget-container\">\n\t\t\t\t\t\t\t<p>Si hay alguna pregunta sobre esta pol\u00edtica de privacidad, puede ponerse en contacto con nosotros a la siguiente direcci\u00f3n: <a href=\"mailto:travel@macawlodge.com\">travel@macawlodge.com<\/a><\/p>\t\t\t\t\t\t<\/div>\n\t\t\t\t<\/div>\n\t\t\t\t\t<\/div>\n\t\t<\/div>\n\t\t\t\t\t\t\t<\/div>\n\t\t<\/section>\n\t\t\t\t\t\t\t<\/div>\n\t\t","protected":false},"excerpt":{"rendered":"<p>Dining Macaw Lodge Pol\u00edtica de Privacidad Privacidad En Macaw Lodge entendemos la importancia de la privacidad y estamos comprometidos a ganar la confianza de los hu\u00e9spedes mediante la adopci\u00f3n de altos est\u00e1ndares. La de Macaw Lodge describe el tipo de informaci\u00f3n personal que recopilamos y recibimos, las circunstancias en las que recogemos o recibimos la [&hellip;]<\/p>\n","protected":false},"author":1,"featured_media":0,"parent":0,"menu_order":0,"comment_status":"closed","ping_status":"closed","template":"elementor_header_footer","meta":{"_acf_changed":false,"inline_featured_image":false,"footnotes":""},"acf":[],"_links":{"self":[{"href":"https:\/\/www.macawlodge.com\/es\/wp-json\/wp\/v2\/pages\/3200"}],"collection":[{"href":"https:\/\/www.macawlodge.com\/es\/wp-json\/wp\/v2\/pages"}],"about":[{"href":"https:\/\/www.macawlodge.com\/es\/wp-json\/wp\/v2\/types\/page"}],"author":[{"embeddable":true,"href":"https:\/\/www.macawlodge.com\/es\/wp-json\/wp\/v2\/users\/1"}],"replies":[{"embeddable":true,"href":"https:\/\/www.macawlodge.com\/es\/wp-json\/wp\/v2\/comments?post=3200"}],"version-history":[{"count":10,"href":"https:\/\/www.macawlodge.com\/es\/wp-json\/wp\/v2\/pages\/3200\/revisions"}],"predecessor-version":[{"id":3355,"href":"https:\/\/www.macawlodge.com\/es\/wp-json\/wp\/v2\/pages\/3200\/revisions\/3355"}],"wp:attachment":[{"href":"https:\/\/www.macawlodge.com\/es\/wp-json\/wp\/v2\/media?parent=3200"}],"curies":[{"name":"wp","href":"https:\/\/api.w.org\/{rel}","templated":true}]}}